{"id":1001,"date":"2022-07-20T11:58:54","date_gmt":"2022-07-20T09:58:54","guid":{"rendered":"https:\/\/www.abbaziadeluxe.com\/wordpress\/position\/"},"modified":"2022-08-15T23:34:14","modified_gmt":"2022-08-15T21:34:14","slug":"position","status":"publish","type":"page","link":"https:\/\/www.abbaziadeluxe.com\/fr\/position\/","title":{"rendered":"Position"},"content":{"rendered":"<p>[vc_row full_width=\u00a0\u00bbstretch_row_content\u00a0\u00bb][vc_column]\n\t\t\t<!-- START Location REVOLUTION SLIDER 6.4.5 --><p class=\"rs-p-wp-fix\"><\/p>\n\t\t\t<rs-module-wrap id=\"rev_slider_5_1_wrapper\" data-source=\"gallery\" style=\"background:transparent;padding:0;\">\n\t\t\t\t<rs-module id=\"rev_slider_5_1\" style=\"\" data-version=\"6.4.5\">\n\t\t\t\t\t<rs-slides>\n\t\t\t\t\t\t<rs-slide data-key=\"rs-11\" data-title=\"Slide\" data-in=\"o:0;\" data-out=\"a:false;\">\n\t\t\t\t\t\t\t<img loading=\"lazy\" decoding=\"async\" src=\"\/\/www.abbaziadeluxe.com\/wordpress\/wp-content\/uploads\/2022\/05\/DELUXE-DNN_6185-1.jpg\" title=\"DELUXE-DNN_6185-1\" width=\"2560\" height=\"1707\" class=\"rev-slidebg tp-rs-img\" data-no-retina>\n<!---->\t\t\t\t\t\t<\/rs-slide>\n\t\t\t\t\t<\/rs-slides>\n\t\t\t\t<\/rs-module>\n\t\t\t\t<script type=\"text\/javascript\">\n\t\t\t\t\tsetREVStartSize({c: 'rev_slider_5_1',rl:[1240,1024,778,480],el:[900],gw:[1240],gh:[900],type:'standard',justify:'',layout:'fullscreen',offsetContainer:'',offset:'',mh:\"0\"});\n\t\t\t\t\tvar\trevapi5,\n\t\t\t\t\t\ttpj;\n\t\t\t\t\tfunction revinit_revslider51() {\n\t\t\t\t\tjQuery(function() {\n\t\t\t\t\t\ttpj = jQuery;\n\t\t\t\t\t\trevapi5 = tpj(\"#rev_slider_5_1\");\n\t\t\t\t\t\tif(revapi5==undefined || revapi5.revolution == undefined){\n\t\t\t\t\t\t\trevslider_showDoubleJqueryError(\"rev_slider_5_1\");\n\t\t\t\t\t\t}else{\n\t\t\t\t\t\t\trevapi5.revolution({\n\t\t\t\t\t\t\t\tsliderLayout:\"fullscreen\",\n\t\t\t\t\t\t\t\tvisibilityLevels:\"1240,1024,778,480\",\n\t\t\t\t\t\t\t\tgridwidth:1240,\n\t\t\t\t\t\t\t\tgridheight:900,\n\t\t\t\t\t\t\t\tperspective:600,\n\t\t\t\t\t\t\t\tperspectiveType:\"global\",\n\t\t\t\t\t\t\t\teditorheight:\"900,768,960,720\",\n\t\t\t\t\t\t\t\tresponsiveLevels:\"1240,1024,778,480\",\n\t\t\t\t\t\t\t\tprogressBar:{disableProgressBar:true},\n\t\t\t\t\t\t\t\tnavigation: {\n\t\t\t\t\t\t\t\t\tonHoverStop:false\n\t\t\t\t\t\t\t\t},\n\t\t\t\t\t\t\t\tfallbacks: {\n\t\t\t\t\t\t\t\t\tallowHTML5AutoPlayOnAndroid:true\n\t\t\t\t\t\t\t\t},\n\t\t\t\t\t\t\t});\n\t\t\t\t\t\t}\n\t\t\t\t\t\t\n\t\t\t\t\t});\n\t\t\t\t\t} \/\/ End of RevInitScript\n\t\t\t\tvar once_revslider51 = false;\n\t\t\t\tif (document.readyState === \"loading\") {document.addEventListener('readystatechange',function() { if((document.readyState === \"interactive\" || document.readyState === \"complete\") && !once_revslider51 ) { once_revslider51 = true; revinit_revslider51();}});} else {once_revslider51 = true; revinit_revslider51();}\n\t\t\t\t<\/script>\n\t\t\t<\/rs-module-wrap>\n\t\t\t<!-- END REVOLUTION SLIDER -->\n[vc_raw_html]PGRpdiBjbGFzcz0iYXJyb3ctd3JhcHBlciI+PGRpdiBjbGFzcz0iYXJyb3ciPjwvZGl2PjwvZGl2Pg==[\/vc_raw_html][\/vc_column][\/vc_row][vc_row full_width=\u00a0\u00bbstretch_row_content\u00a0\u00bb][vc_column][vc_empty_space height=\u00a0\u00bb100px\u00a0\u00bb][vc_column_text]<\/p>\n<h1 style=\"text-align: center;\">POSITION<\/h1>\n<p>[\/vc_column_text][vc_empty_space height=\u00a0\u00bb50px\u00a0\u00bb][\/vc_column][\/vc_row][vc_row][vc_column][vc_column_text]<br \/>\n[\/vc_column_text][\/vc_column][\/vc_row][vc_row css=\u00a0\u00bb.vc_custom_1547553006946{padding-top: 10px !important;padding-bottom: 50px !important;}\u00a0\u00bb][vc_column][vc_column_text]<\/p>\n<p style=\"text-align: center;\">Situ\u00e9 \u00e0 deux pas\u00a0du\u00a0Grand Canal\u00a0et de la\u00a0gare ferroviaire\u00a0de Santa Lucia, facilement accessible en 5 minutes de\u00a0piazzale Roma\u00a0gr\u00e2ce au\u00a0Pont della Costituzione\u00a0(ou\u00a0Pont de Calatrava), Abbazia de luxe\u00a0est un luxueux havre de paix situ\u00e9 dans une rue tranquille de Venise, loin du bruit et de l&rsquo;agitation touristique.<\/p>\n<p>[\/vc_column_text][\/vc_column][\/vc_row][vc_row full_width=\u00a0\u00bbstretch_row_content_no_spaces\u00a0\u00bb][vc_column][vc_gmaps link=\u00a0\u00bb#E-8_JTNDaWZyYW1lJTIwc3JjJTNEJTIyaHR0cHMlM0ElMkYlMkZ3d3cuZ29vZ2xlLmNvbSUyRm1hcHMlMkZlbWJlZCUzRnBiJTNEJTIxMW0xOCUyMTFtMTIlMjExbTMlMjExZDc5MTguMTMyNjI2NzQ4ODE4JTIxMmQxMi4zMjMxNDMzNzkxMDMxOTElMjEzZDQ1LjQzOTkyOTUzOTQ1OTgwNCUyMTJtMyUyMTFmMCUyMTJmMCUyMTNmMCUyMTNtMiUyMTFpMTAyNCUyMTJpNzY4JTIxNGYxMy4xJTIxM20zJTIxMW0yJTIxMXMweDQ3N2ViMWMwY2I3YzMxMTklMjUzQTB4YjA2Yjg1MTNhMjAwZDk0ZSUyMTJzQWJiYXppYSUyNTIwZGUlMjUyMGx1eGUlMjE1ZTAlMjEzbTIlMjExc2l0JTIxMnNpdCUyMTR2MTY1MzU1ODA5NDAzMyUyMTVtMiUyMTFzaXQlMjEyc2l0JTIyJTIwd2lkdGglM0QlMjI2MDAlMjIlMjBoZWlnaHQlM0QlMjI0NTAlMjIlMjBzdHlsZSUzRCUyMmJvcmRlciUzQTAlM0IlMjIlMjBhbGxvd2Z1bGxzY3JlZW4lM0QlMjIlMjIlMjBsb2FkaW5nJTNEJTIybGF6eSUyMiUyMHJlZmVycmVycG9saWN5JTNEJTIybm8tcmVmZXJyZXItd2hlbi1kb3duZ3JhZGUlMjIlM0UlM0MlMkZpZnJhbWUlM0U=\u00a0\u00bb size=\u00a0\u00bb800px\u00a0\u00bb][vc_empty_space height=\u00a0\u00bb40px\u00a0\u00bb][\/vc_column][\/vc_row][vc_row css=\u00a0\u00bb.vc_custom_1547712153347{padding-top: 50px !important;padding-bottom: 50px !important;}\u00a0\u00bb][vc_column][vc_column_text]<\/p>\n<h2 style=\"text-align: center;\">Comment arriver<\/h2>\n<p>[\/vc_column_text][\/vc_column][\/vc_row][vc_row full_width=\u00a0\u00bbstretch_row_content\u00a0\u00bb gap=\u00a0\u00bb35&Prime; css=\u00a0\u00bb.vc_custom_1547712291318{padding-bottom: 50px !important;}\u00a0\u00bb][vc_column width=\u00a0\u00bb1\/3&Prime; css=\u00a0\u00bb.vc_custom_1624271879949{padding-top: 35px !important;padding-right: 35px !important;padding-bottom: 35px !important;padding-left: 35px !important;background-color: #f4f4f4 !important;}\u00a0\u00bb][vc_icon icon_fontawesome=\u00a0\u00bbfa fa-plane\u00a0\u00bb color=\u00a0\u00bbblack\u00a0\u00bb size=\u00a0\u00bbxl\u00a0\u00bb align=\u00a0\u00bbcenter\u00a0\u00bb][vc_column_text]<\/p>\n<h3 style=\"text-align: center;\">Pour ceux qui arrivent de l&rsquo;a\u00e9roport<\/h3>\n<p style=\"text-align: center;\">L&rsquo;a\u00e9roport \u00ab\u00a0Marco Polo\u00a0\u00bb de Tessera se trouve \u00e0\u00a010\u00a0Km de Venise. Pour rejoindre piazzale Roma : autobus \u201cFly Bus\u201d de la soci\u00e9t\u00e9 ATVO &#8211; Bus num\u00e9ro 5 de la soci\u00e9t\u00e9 \u2019ACTV &#8211; Taxi. En quittant piazzale Roma, suivez les indications du paragraphe \u2018En voiture\u2019.<br \/>\nVous pouvez utiliser les services d&rsquo;un taxi fluvial qui vous d\u00e9posera \u00e0 proximit\u00e9 de l&rsquo;\u00e9tablissement Abbazia de luxe.<br \/>\nDepuis l&rsquo;a\u00e9roport \u00ab\u00a0Canova\u00a0\u00bb de Tr\u00e9vise, vous pouvez rejoindre piazzale Roma en empruntant les autobus de la soci\u00e9t\u00e9 ATVO. Reprenez ensuite les indications du paragraphe \u2018En voiture\u2019.<\/p>\n<p>[\/vc_column_text][\/vc_column][vc_column width=\u00a0\u00bb1\/3&Prime; css=\u00a0\u00bb.vc_custom_1624271891641{padding-top: 35px !important;padding-right: 35px !important;padding-bottom: 35px !important;padding-left: 35px !important;background-color: #f4f4f4 !important;}\u00a0\u00bb][vc_icon icon_fontawesome=\u00a0\u00bbfa fa-car\u00a0\u00bb color=\u00a0\u00bbblack\u00a0\u00bb size=\u00a0\u00bbxl\u00a0\u00bb align=\u00a0\u00bbcenter\u00a0\u00bb][vc_column_text]<\/p>\n<h3 style=\"text-align: center;\">Pour ceux qui arrivent en voiture<\/h3>\n<p style=\"text-align: center;\">Une fois arriv\u00e9 sur la Piazzale Roma, laissez votre voiture dans le parking r\u00e9serv\u00e9 \u00e0 cet effet par notre h\u00f4tel. En quittant piazzale Roma, franchissez le Pont della Costituzione (ou le Pont de Calatrava) et rejoignez le Pont degli Scalzi. La calle Priuli dei Cavalletti se trouve en face du pont et nous vous attendons au num\u00e9ro 61.<\/p>\n<p>[\/vc_column_text][\/vc_column][vc_column width=\u00a0\u00bb1\/3&Prime; css=\u00a0\u00bb.vc_custom_1624271899316{padding-top: 35px !important;padding-right: 35px !important;padding-bottom: 35px !important;padding-left: 35px !important;background-color: #f4f4f4 !important;}\u00a0\u00bb][vc_icon icon_fontawesome=\u00a0\u00bbfa fa-train\u00a0\u00bb color=\u00a0\u00bbblack\u00a0\u00bb size=\u00a0\u00bbxl\u00a0\u00bb align=\u00a0\u00bbcenter\u00a0\u00bb][vc_column_text]<\/p>\n<h3 style=\"text-align: center;\">Pour ceux qui arrivent en train<\/h3>\n<p style=\"text-align: center;\">Une fois arriv\u00e9 \u00e0 la gare Santa Lucia de Venise, laissez les quais derri\u00e8re vous et tournez \u00e0 gauche dans la rue. Prenez la deuxi\u00e8me ruelle \u00e0 gauche, face au pont degli Scalzi, et vous serez arriv\u00e9 dans la Calle Priuli dei Cavalletti. Abbazia de luxe se trouve au num\u00e9ro\u00a061.<\/p>\n<p>[\/vc_column_text][\/vc_column][\/vc_row]<\/p>\n","protected":false},"excerpt":{"rendered":"<p>[vc_row full_width=\u00a0\u00bbstretch_row_content\u00a0\u00bb][vc_column][vc_raw_html]PGRpdiBjbGFzcz0iYXJyb3ctd3JhcHBlciI+PGRpdiBjbGFzcz0iYXJyb3ciPjwvZGl2PjwvZGl2Pg==[\/vc_raw_html][\/vc_column][\/vc_row][vc_row full_width=\u00a0\u00bbstretch_row_content\u00a0\u00bb][vc_column][vc_empty_space height=\u00a0\u00bb100px\u00a0\u00bb][vc_column_text] POSITION [\/vc_column_text][vc_empty_space height=\u00a0\u00bb50px\u00a0\u00bb][\/vc_column][\/vc_row][vc_row][vc_column][vc_column_text] [\/vc_column_text][\/vc_column][\/vc_row][vc_row css=\u00a0\u00bb.vc_custom_1547553006946{padding-top: 10px !important;padding-bottom: 50px !important;}\u00a0\u00bb][vc_column][vc_column_text] Situ\u00e9 \u00e0 deux pas\u00a0du\u00a0Grand Canal\u00a0et de la\u00a0gare ferroviaire\u00a0de Santa Lucia, facilement accessible en 5 minutes de\u00a0piazzale Roma\u00a0gr\u00e2ce au\u00a0Pont della Costituzione\u00a0(ou\u00a0Pont de Calatrava), Abbazia de luxe\u00a0est un luxueux havre de paix situ\u00e9 dans une rue tranquille de Venise, loin du bruit et de&hellip;<\/p>\n","protected":false},"author":1,"featured_media":0,"parent":0,"menu_order":0,"comment_status":"closed","ping_status":"closed","template":"","meta":{"footnotes":""},"_links":{"self":[{"href":"https:\/\/www.abbaziadeluxe.com\/fr\/wp-json\/wp\/v2\/pages\/1001"}],"collection":[{"href":"https:\/\/www.abbaziadeluxe.com\/fr\/wp-json\/wp\/v2\/pages"}],"about":[{"href":"https:\/\/www.abbaziadeluxe.com\/fr\/wp-json\/wp\/v2\/types\/page"}],"author":[{"embeddable":true,"href":"https:\/\/www.abbaziadeluxe.com\/fr\/wp-json\/wp\/v2\/users\/1"}],"replies":[{"embeddable":true,"href":"https:\/\/www.abbaziadeluxe.com\/fr\/wp-json\/wp\/v2\/comments?post=1001"}],"version-history":[{"count":3,"href":"https:\/\/www.abbaziadeluxe.com\/fr\/wp-json\/wp\/v2\/pages\/1001\/revisions"}],"predecessor-version":[{"id":1087,"href":"https:\/\/www.abbaziadeluxe.com\/fr\/wp-json\/wp\/v2\/pages\/1001\/revisions\/1087"}],"wp:attachment":[{"href":"https:\/\/www.abbaziadeluxe.com\/fr\/wp-json\/wp\/v2\/media?parent=1001"}],"curies":[{"name":"wp","href":"https:\/\/api.w.org\/{rel}","templated":true}]}}