{"id":1037,"date":"2022-07-20T12:13:40","date_gmt":"2022-07-20T10:13:40","guid":{"rendered":"https:\/\/www.abbaziadeluxe.com\/wordpress\/lage\/"},"modified":"2022-07-20T12:13:40","modified_gmt":"2022-07-20T10:13:40","slug":"lage","status":"publish","type":"page","link":"https:\/\/www.abbaziadeluxe.com\/de\/lage\/","title":{"rendered":"Lage"},"content":{"rendered":"<p>[vc_row full_width=&#8220;stretch_row_content&#8220;][vc_column]\n\t\t\t<!-- START Location REVOLUTION SLIDER 6.4.5 --><p class=\"rs-p-wp-fix\"><\/p>\n\t\t\t<rs-module-wrap id=\"rev_slider_5_1_wrapper\" data-source=\"gallery\" style=\"background:transparent;padding:0;\">\n\t\t\t\t<rs-module id=\"rev_slider_5_1\" style=\"\" data-version=\"6.4.5\">\n\t\t\t\t\t<rs-slides>\n\t\t\t\t\t\t<rs-slide data-key=\"rs-11\" data-title=\"Slide\" data-in=\"o:0;\" data-out=\"a:false;\">\n\t\t\t\t\t\t\t<img loading=\"lazy\" decoding=\"async\" src=\"\/\/www.abbaziadeluxe.com\/wordpress\/wp-content\/uploads\/2022\/05\/DELUXE-DNN_6185-1.jpg\" title=\"DELUXE-DNN_6185-1\" width=\"2560\" height=\"1707\" class=\"rev-slidebg tp-rs-img\" data-no-retina>\n<!---->\t\t\t\t\t\t<\/rs-slide>\n\t\t\t\t\t<\/rs-slides>\n\t\t\t\t<\/rs-module>\n\t\t\t\t<script type=\"text\/javascript\">\n\t\t\t\t\tsetREVStartSize({c: 'rev_slider_5_1',rl:[1240,1024,778,480],el:[900],gw:[1240],gh:[900],type:'standard',justify:'',layout:'fullscreen',offsetContainer:'',offset:'',mh:\"0\"});\n\t\t\t\t\tvar\trevapi5,\n\t\t\t\t\t\ttpj;\n\t\t\t\t\tfunction revinit_revslider51() {\n\t\t\t\t\tjQuery(function() {\n\t\t\t\t\t\ttpj = jQuery;\n\t\t\t\t\t\trevapi5 = tpj(\"#rev_slider_5_1\");\n\t\t\t\t\t\tif(revapi5==undefined || revapi5.revolution == undefined){\n\t\t\t\t\t\t\trevslider_showDoubleJqueryError(\"rev_slider_5_1\");\n\t\t\t\t\t\t}else{\n\t\t\t\t\t\t\trevapi5.revolution({\n\t\t\t\t\t\t\t\tsliderLayout:\"fullscreen\",\n\t\t\t\t\t\t\t\tvisibilityLevels:\"1240,1024,778,480\",\n\t\t\t\t\t\t\t\tgridwidth:1240,\n\t\t\t\t\t\t\t\tgridheight:900,\n\t\t\t\t\t\t\t\tperspective:600,\n\t\t\t\t\t\t\t\tperspectiveType:\"global\",\n\t\t\t\t\t\t\t\teditorheight:\"900,768,960,720\",\n\t\t\t\t\t\t\t\tresponsiveLevels:\"1240,1024,778,480\",\n\t\t\t\t\t\t\t\tprogressBar:{disableProgressBar:true},\n\t\t\t\t\t\t\t\tnavigation: {\n\t\t\t\t\t\t\t\t\tonHoverStop:false\n\t\t\t\t\t\t\t\t},\n\t\t\t\t\t\t\t\tfallbacks: {\n\t\t\t\t\t\t\t\t\tallowHTML5AutoPlayOnAndroid:true\n\t\t\t\t\t\t\t\t},\n\t\t\t\t\t\t\t});\n\t\t\t\t\t\t}\n\t\t\t\t\t\t\n\t\t\t\t\t});\n\t\t\t\t\t} \/\/ End of RevInitScript\n\t\t\t\tvar once_revslider51 = false;\n\t\t\t\tif (document.readyState === \"loading\") {document.addEventListener('readystatechange',function() { if((document.readyState === \"interactive\" || document.readyState === \"complete\") && !once_revslider51 ) { once_revslider51 = true; revinit_revslider51();}});} else {once_revslider51 = true; revinit_revslider51();}\n\t\t\t\t<\/script>\n\t\t\t<\/rs-module-wrap>\n\t\t\t<!-- END REVOLUTION SLIDER -->\n[vc_raw_html]PGRpdiBjbGFzcz0iYXJyb3ctd3JhcHBlciI+PGRpdiBjbGFzcz0iYXJyb3ciPjwvZGl2PjwvZGl2Pg==[\/vc_raw_html][\/vc_column][\/vc_row][vc_row full_width=&#8220;stretch_row_content&#8220;][vc_column][vc_empty_space height=&#8220;100px&#8220;][vc_column_text]<\/p>\n<h1 style=\"text-align: center;\">LAGE<\/h1>\n<p>[\/vc_column_text][vc_empty_space height=&#8220;50px&#8220;][\/vc_column][\/vc_row][vc_row][vc_column][vc_column_text]<br \/>\n[\/vc_column_text][\/vc_column][\/vc_row][vc_row css=&#8220;.vc_custom_1547553006946{padding-top: 10px !important;padding-bottom: 50px !important;}&#8220;][vc_column][vc_column_text]<\/p>\n<p style=\"text-align: center;\">In der N\u00e4he\u00a0des\u00a0Canal Grande\u00a0und des\u00a0BahnhofsSanta Lucia und dank der bequemen Br\u00fccke\u00a0Ponte della Costituzione\u00a0(auch\u00a0Ponte di Calatrava\u00a0genannt), nur knapp 5 Minuten vom\u00a0Piazzale Roma) entfernt, ist Abbazia de Luxe\u00a0eine luxuri\u00f6se Oase des Friedens in einer fernab des hektischen Touristenrummels liegenden venezianischen Calle.<\/p>\n<p>[\/vc_column_text][\/vc_column][\/vc_row][vc_row full_width=&#8220;stretch_row_content_no_spaces&#8220;][vc_column][vc_gmaps link=&#8220;#E-8_JTNDaWZyYW1lJTIwc3JjJTNEJTIyaHR0cHMlM0ElMkYlMkZ3d3cuZ29vZ2xlLmNvbSUyRm1hcHMlMkZlbWJlZCUzRnBiJTNEJTIxMW0xOCUyMTFtMTIlMjExbTMlMjExZDc5MTguMTMyNjI2NzQ4ODE4JTIxMmQxMi4zMjMxNDMzNzkxMDMxOTElMjEzZDQ1LjQzOTkyOTUzOTQ1OTgwNCUyMTJtMyUyMTFmMCUyMTJmMCUyMTNmMCUyMTNtMiUyMTFpMTAyNCUyMTJpNzY4JTIxNGYxMy4xJTIxM20zJTIxMW0yJTIxMXMweDQ3N2ViMWMwY2I3YzMxMTklMjUzQTB4YjA2Yjg1MTNhMjAwZDk0ZSUyMTJzQWJiYXppYSUyNTIwZGUlMjUyMGx1eGUlMjE1ZTAlMjEzbTIlMjExc2l0JTIxMnNpdCUyMTR2MTY1MzU1ODA5NDAzMyUyMTVtMiUyMTFzaXQlMjEyc2l0JTIyJTIwd2lkdGglM0QlMjI2MDAlMjIlMjBoZWlnaHQlM0QlMjI0NTAlMjIlMjBzdHlsZSUzRCUyMmJvcmRlciUzQTAlM0IlMjIlMjBhbGxvd2Z1bGxzY3JlZW4lM0QlMjIlMjIlMjBsb2FkaW5nJTNEJTIybGF6eSUyMiUyMHJlZmVycmVycG9saWN5JTNEJTIybm8tcmVmZXJyZXItd2hlbi1kb3duZ3JhZGUlMjIlM0UlM0MlMkZpZnJhbWUlM0U=&#8220; size=&#8220;800px&#8220;][vc_empty_space height=&#8220;40px&#8220;][\/vc_column][\/vc_row][vc_row css=&#8220;.vc_custom_1547712153347{padding-top: 50px !important;padding-bottom: 50px !important;}&#8220;][vc_column][vc_column_text]<\/p>\n<h2 style=\"text-align: center;\">So erreichen Sie uns<\/h2>\n<p>[\/vc_column_text][\/vc_column][\/vc_row][vc_row full_width=&#8220;stretch_row_content&#8220; gap=&#8220;35&#8243; css=&#8220;.vc_custom_1547712291318{padding-bottom: 50px !important;}&#8220;][vc_column width=&#8220;1\/3&#8243; css=&#8220;.vc_custom_1624271879949{padding-top: 35px !important;padding-right: 35px !important;padding-bottom: 35px !important;padding-left: 35px !important;background-color: #f4f4f4 !important;}&#8220;][vc_icon icon_fontawesome=&#8220;fa fa-plane&#8220; color=&#8220;black&#8220; size=&#8220;xl&#8220; align=&#8220;center&#8220;][vc_column_text]<\/p>\n<h3 style=\"text-align: center;\">Vom Flughafen<\/h3>\n<p style=\"text-align: center;\">Der Flughafen \u201cMarco Polo\u201d in Tessera liegt etwa 10 Km von Venedig. Den Piazzale Roma erreichen Sie auf folgende Weise: mit dem Bus \u201cFly Bus\u201d der Linie ATVO &#8211; mit dem Bus Nummer 5 der Linie ACTV &#8211; mit dem Taxi. Am Piazzale Roma befolgen Sie die gleiche Wegbeschreibung wie \u2018Mit dem Auto\u2019.<br \/>\nIn der N\u00e4he der Abtei de Luxe gibt es einen Wassertaxi-Service.<br \/>\nVom Flughafen &#8222;Canova&#8220; in Treviso fahren st\u00e4ndig Busse der Busgesellschaft ATVO bis zum Piazzale Roma. Ab dort befolgen Sie die Wegbeschreibung \u2018Mit dem Auto\u2019.<\/p>\n<p>[\/vc_column_text][\/vc_column][vc_column width=&#8220;1\/3&#8243; css=&#8220;.vc_custom_1624271891641{padding-top: 35px !important;padding-right: 35px !important;padding-bottom: 35px !important;padding-left: 35px !important;background-color: #f4f4f4 !important;}&#8220;][vc_icon icon_fontawesome=&#8220;fa fa-car&#8220; color=&#8220;black&#8220; size=&#8220;xl&#8220; align=&#8220;center&#8220;][vc_column_text]<\/p>\n<h3 style=\"text-align: center;\">Mit dem Auto<\/h3>\n<p style=\"text-align: center;\">Wenn Sie am Piazzale Roma ankommen, lassen Sie Ihr Auto in einem der Parkh\u00e4user stehen. Vom Piazzale Roma \u00fcberqueren Sie die Ponte della Costituzione (oder Ponte di Calatrava) und erreichen die Ponte degli Scalzi. Vor der Br\u00fccke befindet sich die Calle Priuli dei Cavalletti, wir erwarten Sie an der Hausnummer 61.<br \/>\nSie k\u00f6nnen uns auch auf folgende Art erreichen: Mit dem Dampfboot (Linie 1 oder 2) &#8211; Ausstieg \u201cBahnhof\u201d &#8211; dann gehen Sie nach rechts in Richtung des Ponte degli Scalzi und weiter wie in der Wegbeschreibung \u2018Mit dem Zug\u2019.<\/p>\n<p>[\/vc_column_text][\/vc_column][vc_column width=&#8220;1\/3&#8243; css=&#8220;.vc_custom_1624271899316{padding-top: 35px !important;padding-right: 35px !important;padding-bottom: 35px !important;padding-left: 35px !important;background-color: #f4f4f4 !important;}&#8220;][vc_icon icon_fontawesome=&#8220;fa fa-train&#8220; color=&#8220;black&#8220; size=&#8220;xl&#8220; align=&#8220;center&#8220;][vc_column_text]<\/p>\n<h3 style=\"text-align: center;\">Vom Bahnhof<\/h3>\n<p style=\"text-align: center;\">Nach Ankunft am Bahnhof Santa Lucia von Venedig lassen Sie die Bahnschienen hinter sich und gehen Sie links die Fondamenta entlang. Biegen Sie dann links in die zweite Calle, gegen\u00fcber der Ponte degli Scalzi, und so kommen Sie zur Calle Priuli dei Cavalletti Nr. 61, wo Sie das Abbazia de luxe erwartet.<\/p>\n<p>[\/vc_column_text][\/vc_column][\/vc_row]<\/p>\n","protected":false},"excerpt":{"rendered":"<p>[vc_row full_width=&#8220;stretch_row_content&#8220;][vc_column][vc_raw_html]PGRpdiBjbGFzcz0iYXJyb3ctd3JhcHBlciI+PGRpdiBjbGFzcz0iYXJyb3ciPjwvZGl2PjwvZGl2Pg==[\/vc_raw_html][\/vc_column][\/vc_row][vc_row full_width=&#8220;stretch_row_content&#8220;][vc_column][vc_empty_space height=&#8220;100px&#8220;][vc_column_text] LAGE [\/vc_column_text][vc_empty_space height=&#8220;50px&#8220;][\/vc_column][\/vc_row][vc_row][vc_column][vc_column_text] [\/vc_column_text][\/vc_column][\/vc_row][vc_row css=&#8220;.vc_custom_1547553006946{padding-top: 10px !important;padding-bottom: 50px !important;}&#8220;][vc_column][vc_column_text] In der N\u00e4he\u00a0des\u00a0Canal Grande\u00a0und des\u00a0BahnhofsSanta Lucia und dank der bequemen Br\u00fccke\u00a0Ponte della Costituzione\u00a0(auch\u00a0Ponte di Calatrava\u00a0genannt), nur knapp 5 Minuten vom\u00a0Piazzale Roma) entfernt, ist Abbazia de Luxe\u00a0eine luxuri\u00f6se Oase des Friedens in einer fernab des hektischen Touristenrummels liegenden venezianischen Calle. [\/vc_column_text][\/vc_column][\/vc_row][vc_row full_width=&#8220;stretch_row_content_no_spaces&#8220;][vc_column][vc_gmaps link=&#8220;#E-8_JTNDaWZyYW1lJTIwc3JjJTNEJTIyaHR0cHMlM0ElMkYlMkZ3d3cuZ29vZ2xlLmNvbSUyRm1hcHMlMkZlbWJlZCUzRnBiJTNEJTIxMW0xOCUyMTFtMTIlMjExbTMlMjExZDc5MTguMTMyNjI2NzQ4ODE4JTIxMmQxMi4zMjMxNDMzNzkxMDMxOTElMjEzZDQ1LjQzOTkyOTUzOTQ1OTgwNCUyMTJtMyUyMTFmMCUyMTJmMCUyMTNmMCUyMTNtMiUyMTFpMTAyNCUyMTJpNzY4JTIxNGYxMy4xJTIxM20zJTIxMW0yJTIxMXMweDQ3N2ViMWMwY2I3YzMxMTklMjUzQTB4YjA2Yjg1MTNhMjAwZDk0ZSUyMTJzQWJiYXppYSUyNTIwZGUlMjUyMGx1eGUlMjE1ZTAlMjEzbTIlMjExc2l0JTIxMnNpdCUyMTR2MTY1MzU1ODA5NDAzMyUyMTVtMiUyMTFzaXQlMjEyc2l0JTIyJTIwd2lkdGglM0QlMjI2MDAlMjIlMjBoZWlnaHQlM0QlMjI0NTAlMjIlMjBzdHlsZSUzRCUyMmJvcmRlciUzQTAlM0IlMjIlMjBhbGxvd2Z1bGxzY3JlZW4lM0QlMjIlMjIlMjBsb2FkaW5nJTNEJTIybGF6eSUyMiUyMHJlZmVycmVycG9saWN5JTNEJTIybm8tcmVmZXJyZXItd2hlbi1kb3duZ3JhZGUlMjIlM0UlM0MlMkZpZnJhbWUlM0U=&#8220;&hellip;<\/p>\n","protected":false},"author":1,"featured_media":0,"parent":0,"menu_order":0,"comment_status":"closed","ping_status":"closed","template":"","meta":{"footnotes":""},"_links":{"self":[{"href":"https:\/\/www.abbaziadeluxe.com\/de\/wp-json\/wp\/v2\/pages\/1037"}],"collection":[{"href":"https:\/\/www.abbaziadeluxe.com\/de\/wp-json\/wp\/v2\/pages"}],"about":[{"href":"https:\/\/www.abbaziadeluxe.com\/de\/wp-json\/wp\/v2\/types\/page"}],"author":[{"embeddable":true,"href":"https:\/\/www.abbaziadeluxe.com\/de\/wp-json\/wp\/v2\/users\/1"}],"replies":[{"embeddable":true,"href":"https:\/\/www.abbaziadeluxe.com\/de\/wp-json\/wp\/v2\/comments?post=1037"}],"version-history":[{"count":2,"href":"https:\/\/www.abbaziadeluxe.com\/de\/wp-json\/wp\/v2\/pages\/1037\/revisions"}],"predecessor-version":[{"id":1039,"href":"https:\/\/www.abbaziadeluxe.com\/de\/wp-json\/wp\/v2\/pages\/1037\/revisions\/1039"}],"wp:attachment":[{"href":"https:\/\/www.abbaziadeluxe.com\/de\/wp-json\/wp\/v2\/media?parent=1037"}],"curies":[{"name":"wp","href":"https:\/\/api.w.org\/{rel}","templated":true}]}}